{"id":5268,"date":"2020-09-26T15:45:58","date_gmt":"2020-09-26T18:45:58","guid":{"rendered":"https:\/\/aim-mia.ca\/accueil\/"},"modified":"2025-09-04T14:21:34","modified_gmt":"2025-09-04T17:21:34","slug":"accueil","status":"publish","type":"page","link":"https:\/\/aim-mia.ca\/fr\/","title":{"rendered":"Accueil"},"content":{"rendered":"<div class=\"gb-container gb-container-6988789f\"><div class=\"gb-inside-container\">\n<div class=\"gb-grid-wrapper gb-grid-wrapper-85de27a8\">\n<div class=\"gb-grid-column gb-grid-column-7581e29c\"><div class=\"gb-container gb-container-7581e29c\"><div class=\"gb-inside-container\">\n\n<h1 class=\"gb-headline gb-headline-7fb735cd gb-headline-text\">Bienvenue \u00e0 l\u2019Association italienne de Moncton<\/h1>\n\n\n\n<div class=\"wp-block-group is-nowrap is-layout-flex wp-container-core-group-is-layout-ad2f72ca wp-block-group-is-layout-flex\">\n<div class=\"gb-headline gb-headline-89df5fdd gb-headline-text\">Depuis 1975 |<\/div>\n\n\n\n<div class=\"gb-headline gb-headline-9ccc1805 gb-headline-text\"><strong><em>Bon 50<sup>e<\/sup> anniversaire<\/em><\/strong><\/div>\n<\/div>\n\n<\/div><\/div><\/div>\n<\/div>\n<\/div><\/div><div class=\"gb-container gb-container-3d5d5356\"><div class=\"gb-inside-container\">\n<div class=\"gb-grid-wrapper gb-grid-wrapper-ce209d0e\">\n<div class=\"gb-grid-column gb-grid-column-ed07c45b\"><div class=\"gb-container gb-container-ed07c45b\"><div class=\"gb-inside-container\">\n\n<h2 class=\"gb-headline gb-headline-8147db57 gb-headline-text\">Devenez membre<\/h2>\n\n\n\n<p class=\"gb-headline gb-headline-9d3feac6 gb-headline-text\">Joignez-nous aujourd&rsquo;hui!<\/p>\n\n<\/div><\/div><\/div>\n\n<div class=\"gb-grid-column gb-grid-column-0a224e83\"><div class=\"gb-container gb-container-0a224e83\"><div class=\"gb-inside-container\">\n<div class=\"gb-button-wrapper gb-button-wrapper-bdb462ce\">\n\n<a class=\"gb-button gb-button-db17148c button\" href=\"https:\/\/aim-mia.ca\/fr\/membres\/\"><span class=\"gb-button-text\">Membres<\/span><span class=\"gb-icon\"><svg xmlns=\"http:\/\/www.w3.org\/2000\/svg\" viewbox=\"0 0 100 100\"><path d=\"M0 98.55V1.45C0 .92.26.48.64.22s.87-.31 1.32-.08L50.7 24.62 99.44 49.1c.38.19.56.54.56.9s-.18.71-.55.89L50.71 75.38 1.96 99.86c-.46.23-.95.17-1.32-.08S0 99.08 0 98.55zM13.74 22.1v55.8l27.77-13.95L69.28 50 41.51 36.05 13.74 22.1z\"><\/path><\/svg><\/span><\/a>\n\n<\/div>\n<\/div><\/div><\/div>\n<\/div>\n<\/div><\/div><div class=\"gb-container gb-container-2992f866\"><div class=\"gb-inside-container\">\n<div class=\"gb-container gb-container-b0d7eac5\"><div class=\"gb-inside-container\">\n<div class=\"gb-grid-wrapper gb-grid-wrapper-03ede979\">\n<div class=\"gb-grid-column gb-grid-column-85196471\"><div class=\"gb-container gb-container-85196471\"><div class=\"gb-inside-container\">\n\n<h2 class=\"gb-headline gb-headline-6d431dda\"><span class=\"gb-icon\"><svg xmlns:xlink=\"http:\/\/www.w3.org\/1999\/xlink\" xmlns=\"http:\/\/www.w3.org\/2000\/svg\" style=\"fill-rule:evenodd;clip-rule:evenodd;stroke-linejoin:round;stroke-miterlimit:2;\" xml:space=\"preserve\" version=\"1.1\" viewbox=\"0 0 1124 817\" height=\"100%\" width=\"100%\">     <g transform=\"matrix(1,0,-0.182099,1,-276.073,-946.986)\">         <rect style=\"fill:rgb(0,140,69);\" height=\"816.403\" width=\"325.049\" y=\"946.986\" x=\"597.184\"><\/rect>     <\/g>     <g transform=\"matrix(1,0,-0.182099,1,48.9766,-946.986)\">         <rect style=\"fill:rgb(235,235,235);\" height=\"816.403\" width=\"325.049\" y=\"946.986\" x=\"597.184\"><\/rect>     <\/g>     <g transform=\"matrix(1,0,-0.182099,1,374.026,-946.986)\">         <rect style=\"fill:rgb(205,33,42);\" height=\"816.403\" width=\"325.049\" y=\"946.986\" x=\"597.184\"><\/rect>     <\/g> <\/svg><\/span><span class=\"gb-headline-text\">\u00c0 propos<\/span><\/h2>\n\n\n\n<p class=\"gb-headline gb-headline-64a9d268 gb-headline-text\">La mission de l\u2019Association italienne est de promouvoir l\u2019int\u00e9r\u00eat et la sensibilisation \u00e0 la langue et \u00e0 la culture italiennes dans la communaut\u00e9 du Grand Moncton et du Nouveau-Brunswick.<\/p>\n\n\n<div class=\"gb-button-wrapper gb-button-wrapper-d7de9e67\">\n\n<a class=\"gb-button gb-button-9a09795b\" href=\"https:\/\/aim-mia.ca\/fr\/a-propos\/\"><span class=\"gb-button-text\">Notre historique<\/span><span class=\"gb-icon\"><svg xmlns=\"http:\/\/www.w3.org\/2000\/svg\" viewbox=\"0 0 100 100\"><path d=\"M0 98.55V1.45C0 .92.26.48.64.22s.87-.31 1.32-.08L50.7 24.62 99.44 49.1c.38.19.56.54.56.9s-.18.71-.55.89L50.71 75.38 1.96 99.86c-.46.23-.95.17-1.32-.08S0 99.08 0 98.55zM13.74 22.1v55.8l27.77-13.95L69.28 50 41.51 36.05 13.74 22.1z\"><\/path><\/svg><\/span><\/a>\n\n<\/div>\n<\/div><\/div><\/div>\n\n<div class=\"gb-grid-column gb-grid-column-caf248ae\"><div class=\"gb-container gb-container-caf248ae\"><div class=\"gb-inside-container\">\n\n<h2 class=\"gb-headline gb-headline-dbad7177\"><span class=\"gb-icon\"><svg xmlns:xlink=\"http:\/\/www.w3.org\/1999\/xlink\" xmlns=\"http:\/\/www.w3.org\/2000\/svg\" style=\"fill-rule:evenodd;clip-rule:evenodd;stroke-linejoin:round;stroke-miterlimit:2;\" xml:space=\"preserve\" version=\"1.1\" viewbox=\"0 0 1124 817\" height=\"100%\" width=\"100%\">     <g transform=\"matrix(1,0,-0.182099,1,-276.073,-946.986)\">         <rect style=\"fill:rgb(0,140,69);\" height=\"816.403\" width=\"325.049\" y=\"946.986\" x=\"597.184\"><\/rect>     <\/g>     <g transform=\"matrix(1,0,-0.182099,1,48.9766,-946.986)\">         <rect style=\"fill:rgb(235,235,235);\" height=\"816.403\" width=\"325.049\" y=\"946.986\" x=\"597.184\"><\/rect>     <\/g>     <g transform=\"matrix(1,0,-0.182099,1,374.026,-946.986)\">         <rect style=\"fill:rgb(205,33,42);\" height=\"816.403\" width=\"325.049\" y=\"946.986\" x=\"597.184\"><\/rect>     <\/g> <\/svg><\/span><span class=\"gb-headline-text\">Nos objectifs<\/span><\/h2>\n\n\n\n<p class=\"gb-headline gb-headline-611bac5d\"><span class=\"gb-icon\"><svg xmlns=\"http:\/\/www.w3.org\/2000\/svg\" aria-hidden=\"true\" height=\"1em\" width=\"1em\" viewbox=\"0 0 256 512\"><path fill=\"currentColor\" d=\"M224.3 273l-136 136c-9.4 9.4-24.6 9.4-33.9 0l-22.6-22.6c-9.4-9.4-9.4-24.6 0-33.9l96.4-96.4-96.4-96.4c-9.4-9.4-9.4-24.6 0-33.9L54.3 103c9.4-9.4 24.6-9.4 33.9 0l136 136c9.5 9.4 9.5 24.6.1 34z\"><\/path><\/svg><\/span><span class=\"gb-headline-text\">Promouvoir et prot\u00e9ger la langue et la culture italiennes dans la communaut\u00e9 du Grand Moncton<\/span><\/p>\n\n\n\n<p class=\"gb-headline gb-headline-521be52c\"><span class=\"gb-icon\"><svg xmlns=\"http:\/\/www.w3.org\/2000\/svg\" aria-hidden=\"true\" height=\"1em\" width=\"1em\" viewbox=\"0 0 256 512\"><path fill=\"currentColor\" d=\"M224.3 273l-136 136c-9.4 9.4-24.6 9.4-33.9 0l-22.6-22.6c-9.4-9.4-9.4-24.6 0-33.9l96.4-96.4-96.4-96.4c-9.4-9.4-9.4-24.6 0-33.9L54.3 103c9.4-9.4 24.6-9.4 33.9 0l136 136c9.5 9.4 9.5 24.6.1 34z\"><\/path><\/svg><\/span><span class=\"gb-headline-text\">Sensibiliser et encourager le partage de la langue et de la culture italiennes pour le b\u00e9n\u00e9fice et l\u2019enrichissement de la communaut\u00e9<\/span><\/p>\n\n\n\n<p class=\"gb-headline gb-headline-f3ffee6c\"><span class=\"gb-icon\"><svg xmlns=\"http:\/\/www.w3.org\/2000\/svg\" aria-hidden=\"true\" height=\"1em\" width=\"1em\" viewbox=\"0 0 256 512\"><path fill=\"currentColor\" d=\"M224.3 273l-136 136c-9.4 9.4-24.6 9.4-33.9 0l-22.6-22.6c-9.4-9.4-9.4-24.6 0-33.9l96.4-96.4-96.4-96.4c-9.4-9.4-9.4-24.6 0-33.9L54.3 103c9.4-9.4 24.6-9.4 33.9 0l136 136c9.5 9.4 9.5 24.6.1 34z\"><\/path><\/svg><\/span><span class=\"gb-headline-text\">\u00catre un moyen de communication entre les membres italiens de la communaut\u00e9<\/span><\/p>\n\n\n\n<p class=\"gb-headline gb-headline-1de2eb29\"><span class=\"gb-icon\"><svg xmlns=\"http:\/\/www.w3.org\/2000\/svg\" aria-hidden=\"true\" height=\"1em\" width=\"1em\" viewbox=\"0 0 256 512\"><path fill=\"currentColor\" d=\"M224.3 273l-136 136c-9.4 9.4-24.6 9.4-33.9 0l-22.6-22.6c-9.4-9.4-9.4-24.6 0-33.9l96.4-96.4-96.4-96.4c-9.4-9.4-9.4-24.6 0-33.9L54.3 103c9.4-9.4 24.6-9.4 33.9 0l136 136c9.5 9.4 9.5 24.6.1 34z\"><\/path><\/svg><\/span><span class=\"gb-headline-text\">Aider la communaut\u00e9 italienne \u00e0 d\u00e9velopper et \u00e0 pr\u00e9server ses identit\u00e9s culturelles<\/span><\/p>\n\n\n\n<p class=\"gb-headline gb-headline-5866195b\"><span class=\"gb-icon\"><svg xmlns=\"http:\/\/www.w3.org\/2000\/svg\" aria-hidden=\"true\" height=\"1em\" width=\"1em\" viewbox=\"0 0 256 512\"><path fill=\"currentColor\" d=\"M224.3 273l-136 136c-9.4 9.4-24.6 9.4-33.9 0l-22.6-22.6c-9.4-9.4-9.4-24.6 0-33.9l96.4-96.4-96.4-96.4c-9.4-9.4-9.4-24.6 0-33.9L54.3 103c9.4-9.4 24.6-9.4 33.9 0l136 136c9.5 9.4 9.5 24.6.1 34z\"><\/path><\/svg><\/span><span class=\"gb-headline-text\">Favoriser des relations harmonieuses avec d\u2019autres communaut\u00e9s et associations italiennes<\/span><\/p>\n\n\n\n<p class=\"gb-headline gb-headline-8568cc5d\"><span class=\"gb-icon\"><svg xmlns=\"http:\/\/www.w3.org\/2000\/svg\" aria-hidden=\"true\" height=\"1em\" width=\"1em\" viewbox=\"0 0 256 512\"><path fill=\"currentColor\" d=\"M224.3 273l-136 136c-9.4 9.4-24.6 9.4-33.9 0l-22.6-22.6c-9.4-9.4-9.4-24.6 0-33.9l96.4-96.4-96.4-96.4c-9.4-9.4-9.4-24.6 0-33.9L54.3 103c9.4-9.4 24.6-9.4 33.9 0l136 136c9.5 9.4 9.5 24.6.1 34z\"><\/path><\/svg><\/span><span class=\"gb-headline-text\">Aider les nouveaux membres de la communaut\u00e9 italienne \u00e0 s\u2019orienter dans le Grand Moncton<\/span><\/p>\n\n<\/div><\/div><\/div>\n<\/div>\n<\/div><\/div>\n<\/div><\/div><div class=\"gb-container gb-container-2f6d3f6f\"><div class=\"gb-inside-container\">\n\n<h2 class=\"gb-headline gb-headline-3b72360a\"><span class=\"gb-icon\"><svg xmlns:xlink=\"http:\/\/www.w3.org\/1999\/xlink\" xmlns=\"http:\/\/www.w3.org\/2000\/svg\" style=\"fill-rule:evenodd;clip-rule:evenodd;stroke-linejoin:round;stroke-miterlimit:2;\" xml:space=\"preserve\" version=\"1.1\" viewbox=\"0 0 1124 817\" height=\"100%\" width=\"100%\">     <g transform=\"matrix(1,0,-0.182099,1,-276.073,-946.986)\">         <rect style=\"fill:rgb(0,140,69);\" height=\"816.403\" width=\"325.049\" y=\"946.986\" x=\"597.184\"><\/rect>     <\/g>     <g transform=\"matrix(1,0,-0.182099,1,48.9766,-946.986)\">         <rect style=\"fill:rgb(235,235,235);\" height=\"816.403\" width=\"325.049\" y=\"946.986\" x=\"597.184\"><\/rect>     <\/g>     <g transform=\"matrix(1,0,-0.182099,1,374.026,-946.986)\">         <rect style=\"fill:rgb(205,33,42);\" height=\"816.403\" width=\"325.049\" y=\"946.986\" x=\"597.184\"><\/rect>     <\/g> <\/svg><\/span><span class=\"gb-headline-text\">Cours \u00e0 venir<\/span><\/h2>\n\n\n\n<div class=\"gb-grid-wrapper gb-grid-wrapper-4c82b293 gb-query-loop-wrapper\">\n<div class=\"gb-grid-column gb-grid-column-e6bf7525 gb-query-loop-item post-5300 post type-post status-publish format-standard has-post-thumbnail hentry category-cours\"><div class=\"gb-container gb-container-e6bf7525\"><div class=\"gb-inside-container\">\n<figure class=\"gb-block-image gb-block-image-e8fb69db\"><a href=\"https:\/\/aim-mia.ca\/fr\/cours-ditalien-pour-adultes\/\"><img loading=\"lazy\" decoding=\"async\" width=\"1024\" height=\"683\" src=\"https:\/\/aim-mia.ca\/wp-content\/uploads\/2022\/09\/lilartsy-333oj7zFsdg-unsplash-1024x683.jpg\" class=\"gb-image-e8fb69db\" alt=\"\" srcset=\"https:\/\/aim-mia.ca\/wp-content\/uploads\/2022\/09\/lilartsy-333oj7zFsdg-unsplash-1024x683.jpg 1024w, https:\/\/aim-mia.ca\/wp-content\/uploads\/2022\/09\/lilartsy-333oj7zFsdg-unsplash-300x200.jpg 300w, https:\/\/aim-mia.ca\/wp-content\/uploads\/2022\/09\/lilartsy-333oj7zFsdg-unsplash-768x512.jpg 768w, https:\/\/aim-mia.ca\/wp-content\/uploads\/2022\/09\/lilartsy-333oj7zFsdg-unsplash-1536x1024.jpg 1536w, https:\/\/aim-mia.ca\/wp-content\/uploads\/2022\/09\/lilartsy-333oj7zFsdg-unsplash-2048x1365.jpg 2048w\" sizes=\"auto, (max-width: 1024px) 100vw, 1024px\" \/><\/a><\/figure>\n\n<h2 class=\"gb-headline gb-headline-d78bf369 gb-headline-text\"><a href=\"https:\/\/aim-mia.ca\/fr\/cours-ditalien-pour-adultes\/\">Cours d&rsquo;italien pour adultes<\/a><\/h2>\n\n\n<div class=\"wp-block-group is-nowrap is-layout-flex wp-container-core-group-is-layout-ad2f72ca wp-block-group-is-layout-flex\">\n<p class=\"gb-headline gb-headline-d5fd9804 gb-headline-text show-date\">date<\/p>\n<\/div>\n\n<\/div><\/div><\/div>\n\n<div class=\"gb-grid-column gb-grid-column-e6bf7525 gb-query-loop-item post-5579 post type-post status-publish format-standard has-post-thumbnail hentry category-cours\"><div class=\"gb-container gb-container-e6bf7525\"><div class=\"gb-inside-container\">\n<figure class=\"gb-block-image gb-block-image-e8fb69db\"><a href=\"https:\/\/aim-mia.ca\/fr\/cours-prives\/\"><img loading=\"lazy\" decoding=\"async\" width=\"1024\" height=\"683\" src=\"https:\/\/aim-mia.ca\/wp-content\/uploads\/2023\/06\/kenny-eliason-Hav7EXRbDoE-unsplash-1024x683.jpg\" class=\"gb-image-e8fb69db\" alt=\"\" srcset=\"https:\/\/aim-mia.ca\/wp-content\/uploads\/2023\/06\/kenny-eliason-Hav7EXRbDoE-unsplash-1024x683.jpg 1024w, https:\/\/aim-mia.ca\/wp-content\/uploads\/2023\/06\/kenny-eliason-Hav7EXRbDoE-unsplash-300x200.jpg 300w, https:\/\/aim-mia.ca\/wp-content\/uploads\/2023\/06\/kenny-eliason-Hav7EXRbDoE-unsplash-768x512.jpg 768w, https:\/\/aim-mia.ca\/wp-content\/uploads\/2023\/06\/kenny-eliason-Hav7EXRbDoE-unsplash-1536x1024.jpg 1536w, https:\/\/aim-mia.ca\/wp-content\/uploads\/2023\/06\/kenny-eliason-Hav7EXRbDoE-unsplash-2048x1365.jpg 2048w\" sizes=\"auto, (max-width: 1024px) 100vw, 1024px\" \/><\/a><\/figure>\n\n<h2 class=\"gb-headline gb-headline-d78bf369 gb-headline-text\"><a href=\"https:\/\/aim-mia.ca\/fr\/cours-prives\/\">Cours priv\u00e9s<\/a><\/h2>\n\n\n<div class=\"wp-block-group is-nowrap is-layout-flex wp-container-core-group-is-layout-ad2f72ca wp-block-group-is-layout-flex\">\n<p class=\"gb-headline gb-headline-d5fd9804 gb-headline-text show-date\">date<\/p>\n<\/div>\n\n<\/div><\/div><\/div>\n\n<div class=\"gb-grid-column gb-grid-column-e6bf7525 gb-query-loop-item post-5572 post type-post status-publish format-standard has-post-thumbnail hentry category-cours\"><div class=\"gb-container gb-container-e6bf7525\"><div class=\"gb-inside-container\">\n<figure class=\"gb-block-image gb-block-image-e8fb69db\"><a href=\"https:\/\/aim-mia.ca\/fr\/cours-de-cuisine\/\"><img loading=\"lazy\" decoding=\"async\" width=\"1024\" height=\"789\" src=\"https:\/\/aim-mia.ca\/wp-content\/uploads\/2023\/06\/heather-ford-_U4F6pyOQRs-unsplash-1024x789.jpg\" class=\"gb-image-e8fb69db\" alt=\"\" srcset=\"https:\/\/aim-mia.ca\/wp-content\/uploads\/2023\/06\/heather-ford-_U4F6pyOQRs-unsplash-1024x789.jpg 1024w, https:\/\/aim-mia.ca\/wp-content\/uploads\/2023\/06\/heather-ford-_U4F6pyOQRs-unsplash-300x231.jpg 300w, https:\/\/aim-mia.ca\/wp-content\/uploads\/2023\/06\/heather-ford-_U4F6pyOQRs-unsplash-768x591.jpg 768w, https:\/\/aim-mia.ca\/wp-content\/uploads\/2023\/06\/heather-ford-_U4F6pyOQRs-unsplash-1536x1183.jpg 1536w, https:\/\/aim-mia.ca\/wp-content\/uploads\/2023\/06\/heather-ford-_U4F6pyOQRs-unsplash-2048x1577.jpg 2048w\" sizes=\"auto, (max-width: 1024px) 100vw, 1024px\" \/><\/a><\/figure>\n\n<h2 class=\"gb-headline gb-headline-d78bf369 gb-headline-text\"><a href=\"https:\/\/aim-mia.ca\/fr\/cours-de-cuisine\/\">Cours de cuisine<\/a><\/h2>\n\n\n<div class=\"wp-block-group is-nowrap is-layout-flex wp-container-core-group-is-layout-ad2f72ca wp-block-group-is-layout-flex\">\n<p class=\"gb-headline gb-headline-d5fd9804 gb-headline-text show-date\">date<\/p>\n<\/div>\n\n<\/div><\/div><\/div>\n\n<div class=\"gb-grid-column gb-grid-column-e6bf7525 gb-query-loop-item post-5296 post type-post status-publish format-standard has-post-thumbnail hentry category-cours\"><div class=\"gb-container gb-container-e6bf7525\"><div class=\"gb-inside-container\">\n<figure class=\"gb-block-image gb-block-image-e8fb69db\"><a href=\"https:\/\/aim-mia.ca\/fr\/cours-ditalien-pour-enfants\/\"><img loading=\"lazy\" decoding=\"async\" width=\"800\" height=\"533\" src=\"https:\/\/aim-mia.ca\/wp-content\/uploads\/2020\/10\/pexels-bongkarn-thanyakij-3740190.jpg\" class=\"gb-image-e8fb69db\" alt=\"\" srcset=\"https:\/\/aim-mia.ca\/wp-content\/uploads\/2020\/10\/pexels-bongkarn-thanyakij-3740190.jpg 800w, https:\/\/aim-mia.ca\/wp-content\/uploads\/2020\/10\/pexels-bongkarn-thanyakij-3740190-300x200.jpg 300w, https:\/\/aim-mia.ca\/wp-content\/uploads\/2020\/10\/pexels-bongkarn-thanyakij-3740190-768x512.jpg 768w\" sizes=\"auto, (max-width: 800px) 100vw, 800px\" \/><\/a><\/figure>\n\n<h2 class=\"gb-headline gb-headline-d78bf369 gb-headline-text\"><a href=\"https:\/\/aim-mia.ca\/fr\/cours-ditalien-pour-enfants\/\">Cours d&rsquo;italien pour enfants<\/a><\/h2>\n\n\n<div class=\"wp-block-group is-nowrap is-layout-flex wp-container-core-group-is-layout-ad2f72ca wp-block-group-is-layout-flex\">\n<p class=\"gb-headline gb-headline-d5fd9804 gb-headline-text show-date\">date<\/p>\n<\/div>\n\n<\/div><\/div><\/div>\n\n<div class=\"gb-grid-column gb-grid-column-e6bf7525 gb-query-loop-item post-5721 post type-post status-publish format-standard has-post-thumbnail hentry category-cours\"><div class=\"gb-container gb-container-e6bf7525\"><div class=\"gb-inside-container\">\n<figure class=\"gb-block-image gb-block-image-e8fb69db\"><a href=\"https:\/\/aim-mia.ca\/fr\/club-de-conversation-italien\/\"><img loading=\"lazy\" decoding=\"async\" width=\"1024\" height=\"768\" src=\"https:\/\/aim-mia.ca\/wp-content\/uploads\/2023\/12\/image0-1024x768.jpeg\" class=\"gb-image-e8fb69db\" alt=\"\" srcset=\"https:\/\/aim-mia.ca\/wp-content\/uploads\/2023\/12\/image0-1024x768.jpeg 1024w, https:\/\/aim-mia.ca\/wp-content\/uploads\/2023\/12\/image0-300x225.jpeg 300w, https:\/\/aim-mia.ca\/wp-content\/uploads\/2023\/12\/image0-768x576.jpeg 768w, https:\/\/aim-mia.ca\/wp-content\/uploads\/2023\/12\/image0-1536x1152.jpeg 1536w, https:\/\/aim-mia.ca\/wp-content\/uploads\/2023\/12\/image0.jpeg 2016w\" sizes=\"auto, (max-width: 1024px) 100vw, 1024px\" \/><\/a><\/figure>\n\n<h2 class=\"gb-headline gb-headline-d78bf369 gb-headline-text\"><a href=\"https:\/\/aim-mia.ca\/fr\/club-de-conversation-italien\/\">Cercle de conversation en Italien<\/a><\/h2>\n\n\n<div class=\"wp-block-group is-nowrap is-layout-flex wp-container-core-group-is-layout-ad2f72ca wp-block-group-is-layout-flex\">\n<p class=\"gb-headline gb-headline-d5fd9804 gb-headline-text show-date\">date<\/p>\n<\/div>\n\n<\/div><\/div><\/div>\n<\/div>\n\n<\/div><\/div>","protected":false},"excerpt":{"rendered":"<p>Cours \u00e0 venir<\/p>\n","protected":false},"author":2,"featured_media":0,"parent":0,"menu_order":0,"comment_status":"closed","ping_status":"closed","template":"","meta":{"_acf_changed":false,"footnotes":""},"class_list":["post-5268","page","type-page","status-publish"],"acf":[],"_links":{"self":[{"href":"https:\/\/aim-mia.ca\/fr\/wp-json\/wp\/v2\/pages\/5268","targetHints":{"allow":["GET"]}}],"collection":[{"href":"https:\/\/aim-mia.ca\/fr\/wp-json\/wp\/v2\/pages"}],"about":[{"href":"https:\/\/aim-mia.ca\/fr\/wp-json\/wp\/v2\/types\/page"}],"author":[{"embeddable":true,"href":"https:\/\/aim-mia.ca\/fr\/wp-json\/wp\/v2\/users\/2"}],"replies":[{"embeddable":true,"href":"https:\/\/aim-mia.ca\/fr\/wp-json\/wp\/v2\/comments?post=5268"}],"version-history":[{"count":3,"href":"https:\/\/aim-mia.ca\/fr\/wp-json\/wp\/v2\/pages\/5268\/revisions"}],"predecessor-version":[{"id":6006,"href":"https:\/\/aim-mia.ca\/fr\/wp-json\/wp\/v2\/pages\/5268\/revisions\/6006"}],"wp:attachment":[{"href":"https:\/\/aim-mia.ca\/fr\/wp-json\/wp\/v2\/media?parent=5268"}],"curies":[{"name":"wp","href":"https:\/\/api.w.org\/{rel}","templated":true}]}}